{"id":4265,"date":"2023-09-17T17:25:39","date_gmt":"2023-09-17T17:25:39","guid":{"rendered":"https:\/\/www.marshberry.com\/eu\/loesungen\/"},"modified":"2026-04-01T15:00:15","modified_gmt":"2026-04-01T15:00:15","slug":"expertise","status":"publish","type":"page","link":"https:\/\/www.marshberry.com\/eu\/de\/expertise\/","title":{"rendered":"Expertise"},"content":{"rendered":"\n<div class=\"wp-block-group wp-block-singular\"><div class=\"wp-block-group__inner-container is-layout-constrained wp-block-group-is-layout-constrained\">\n<h1 class=\"wp-block-heading\" id=\"h-marshberry-bietet-losungen-fur-jede-phase-der-unternehmensentwicklung\">MARSHBERRY BIETET L\u00d6SUNGEN F\u00dcR JEDE PHASE DER UNTERNEHMENSENTWICKLUNG<\/h1>\n\n\n\n<p>Ihr Unternehmen verdient eine speziell auf Ihre Bed\u00fcrfnisse zugeschnittenen Vorgehensweise f\u00fcr finanzielles Wachstum. Hier gilt es, einen Weg zu definieren, der zu Ihrem Unternehmen passt. Dieser Weg sollte nat\u00fcrlich Ihre Mitarbeiterinnen und Mitarbeiter, Ihre Kultur, Ihren Markt und Ihre Ziele f\u00fcr die Zukunft ber\u00fccksichtigen. Das Team von MarshBerry kennt und versteht die einzigartigen Chancen und Herausforderungen, vor denen Ihr Unternehmen steht. Deshalb bieten wir eine umfassende Palette an L\u00f6sungen, die ganz speziell auf die Bereiche Verm\u00f6gensverwalter und Versicherungsvermittler zugeschnitten sind.<\/p>\n\n\n\n<div style=\"height:30px\" aria-hidden=\"true\" class=\"wp-block-spacer\"><\/div>\n\n\n\n<h2 class=\"wp-block-heading\" id=\"h-corporate-finance-beratung\">Corporate-Finance-Beratung<\/h2>\n\n\n\n<p>Die M&amp;A-Aktivit\u00e4ten auf dem europ\u00e4ischen Markt f\u00fcr Versicherungsvermittler und Verm\u00f6gensverwalter nehmen weiter an Fahrt auf, wobei die Transaktionen ein Rekordvolumen erreichen. Ob Sie nun verkaufen oder kaufen m\u00f6chten: MarshBerry verf\u00fcgt \u00fcber lokale Beratungsteams in Europa, die Sie bei Ihrem Vorhaben unterst\u00fctzen und Ihnen die Erkenntnisse liefern, die f\u00fcr die Entwicklung und Umsetzung von Wachstumspl\u00e4nen oder auch f\u00fcr Exit-Strategien erforderlich sind.<\/p>\n\n\n\n<div class=\"wp-block-buttons is-layout-flex wp-block-buttons-is-layout-flex\">\n<div class=\"wp-block-button\"><a class=\"wp-block-button__link wp-element-button\" href=\"\/eu\/de\/?page_id=1927\">Mehr erfahren<\/a><\/div>\n<\/div>\n\n\n\n<div style=\"height:30px\" aria-hidden=\"true\" class=\"wp-block-spacer\"><\/div>\n\n\n\n<h2 class=\"wp-block-heading\" id=\"h-unternehmensplanung\">Unternehmensplanung<\/h2>\n\n\n\n<p>Wie finden Sie angesichts der aktuellen Dynamiken Ihren Weg auf dem europ\u00e4ischen Markt f\u00fcr Versicherungsvermittler und Verm\u00f6gensverwalter? Welche Chancen und Herausforderungen ergeben sich aus der Marktkonsolidierung, der Digitalisierung und den sich \u00e4ndernden Vorschriften? Die L\u00f6sungen f\u00fcr die <a href=\"https:\/\/www.marshberry.com\/eu\/de\/loesungen\/unternehmensplanung\/\">Unternehmensplanung<\/a> von MarshBerry k\u00f6nnen Ihnen helfen, in allen Phasen der Entwicklung f\u00fcr mehr organisches Wachstum, mehr Gewinn und mehr Wert zu sorgen.<\/p>\n\n\n\n<div class=\"wp-block-buttons is-layout-flex wp-block-buttons-is-layout-flex\">\n<div class=\"wp-block-button\"><a class=\"wp-block-button__link wp-element-button\" href=\"\/eu\/de\/?page_id=4311\">Mehr erfahren<\/a><\/div>\n<\/div>\n\n\n\n<div style=\"height:30px\" aria-hidden=\"true\" class=\"wp-block-spacer\"><\/div>\n\n\n\n<h2 class=\"wp-block-heading\" id=\"h-fuhrungskrafte\">F\u00fchrungskr\u00e4fte<\/h2>\n\n\n\n<p>Wie kann sich Ihr Unternehmen den Erfolg auf dem dynamischen, aber fragmentierten europ\u00e4ischen Finanzdienstleistungsmarkt sichern? Ganz gleich, ob Sie sich mit Gleichgesinnten austauschen oder die n\u00e4chste Generation von F\u00fchrungskr\u00e4ften schulen m\u00f6chten: MarshBerry bietet Ihnen <a href=\"https:\/\/www.marshberry.com\/eu\/de\/loesungen\/fuehrungskraefte\/\">L\u00f6sungen f\u00fcr F\u00fchrungskr\u00e4fte<\/a>, die zu Ihren Bed\u00fcrfnissen passen. So k\u00f6nnen Sie sicherstellen, dass Ihre F\u00fchrungskr\u00e4fte gut ger\u00fcstet sind, um sich auf dem komplexen Markt zurechtzufinden und Ihr Unternehmen zum Erfolg zu f\u00fchren.<\/p>\n\n\n\n<div class=\"wp-block-buttons is-layout-flex wp-block-buttons-is-layout-flex\">\n<div class=\"wp-block-button\"><a class=\"wp-block-button__link wp-element-button\" href=\"\/eu\/de\/?page_id=4352\">Mehr erfahren<\/a><\/div>\n<\/div>\n\n\n\n<p>Sie m\u00f6chten Ihre strategische Position noch weiter verbessern?&nbsp;Dann schauen Sie sich doch einmal in den Bereichen zu <a href=\"https:\/\/www.marshberry.com\/eu\/de\/loesungen\/europaeische-transaktionen\/\">europ\u00e4ischen Transaktionen<\/a> und zur <a href=\"https:\/\/www.marshberry.com\/eu\/de\/loesungen\/fuehrungskraefte\/executive-peer-mitgliedschaft\/\">Mitgliedschaft f\u00fcr F\u00fchrungskr\u00e4fte<\/a> um. Dort k\u00f6nnen Sie umfassende Erkenntnisse gewinnen und mehr \u00fcber Networking-M\u00f6glichkeiten innerhalb der Branche erfahren. Durch die Teilnahme an diesen Programmen kann sich Ihr Unternehmen einen Wettbewerbsvorteil verschaffen \u2013 denn schlie\u00dflich erhalten Sie so Zugang zu kollektiven Branchenkenntnissen und k\u00f6nnen sich Best Practices aus der Branche zunutze machen.<\/p>\n<\/div><\/div>\n","protected":false},"excerpt":{"rendered":"<p>MARSHBERRY BIETET L\u00d6SUNGEN F\u00dcR JEDE PHASE DER UNTERNEHMENSENTWICKLUNG Ihr Unternehmen verdient eine speziell auf Ihre Bed\u00fcrfnisse zugeschnittenen Vorgehensweise f\u00fcr finanzielles Wachstum. Hier gilt es, einen Weg zu definieren, der zu Ihrem Unternehmen passt. Dieser Weg sollte nat\u00fcrlich Ihre Mitarbeiterinnen und Mitarbeiter, Ihre Kultur, Ihren Markt und Ihre Ziele f\u00fcr die Zukunft ber\u00fccksichtigen. Das Team von [&hellip;]<\/p>\n","protected":false},"author":2,"featured_media":0,"parent":0,"menu_order":1,"comment_status":"closed","ping_status":"closed","template":"tpl-block-builder.php","meta":{"_acf_changed":false,"footnotes":""},"class_list":["post-4265","page","type-page","status-publish","hentry"],"yoast_head":"<!-- This site is optimized with the Yoast SEO Premium plugin v27.3 (Yoast SEO v27.3) - https:\/\/yoast.com\/product\/yoast-seo-premium-wordpress\/ -->\n<title>L\u00f6sungen f\u00fcr Unternehmenswachstum | MarshBerry Europa<\/title>\n<meta name=\"description\" content=\"MarshBerry bietet individuelle L\u00f6sungen f\u00fcr jede Phase der Unternehmensentwicklung in der Versicherungs- und Verm\u00f6gensverwaltungsbranche.\" \/>\n<meta name=\"robots\" content=\"index, follow, max-snippet:-1, max-image-preview:large, max-video-preview:-1\" \/>\n<link rel=\"canonical\" href=\"https:\/\/www.marshberry.com\/eu\/de\/expertise\/\" \/>\n<meta property=\"og:locale\" content=\"de_DE\" \/>\n<meta property=\"og:type\" content=\"article\" \/>\n<meta property=\"og:title\" content=\"Expertise\" \/>\n<meta property=\"og:description\" content=\"MarshBerry bietet individuelle L\u00f6sungen f\u00fcr jede Phase der Unternehmensentwicklung in der Versicherungs- und Verm\u00f6gensverwaltungsbranche.\" \/>\n<meta property=\"og:url\" content=\"https:\/\/www.marshberry.com\/eu\/de\/expertise\/\" \/>\n<meta property=\"og:site_name\" content=\"MarshBerry Europe\" \/>\n<meta property=\"article:publisher\" content=\"https:\/\/www.facebook.com\/MarshBerry\" \/>\n<meta property=\"article:modified_time\" content=\"2026-04-01T15:00:15+00:00\" \/>\n<meta property=\"og:image\" content=\"https:\/\/www.marshberry.com\/eu\/wp-content\/uploads\/sites\/2\/2025\/02\/MB-yoast-site-image-1200px.jpg\" \/>\n\t<meta property=\"og:image:width\" content=\"1200\" \/>\n\t<meta property=\"og:image:height\" content=\"675\" \/>\n\t<meta property=\"og:image:type\" content=\"image\/jpeg\" \/>\n<meta name=\"twitter:card\" content=\"summary_large_image\" \/>\n<meta name=\"twitter:site\" content=\"@MarshBerryInc\" \/>\n<meta name=\"twitter:label1\" content=\"Gesch\u00e4tzte Lesezeit\" \/>\n\t<meta name=\"twitter:data1\" content=\"2 Minuten\" \/>\n<script type=\"application\/ld+json\" class=\"yoast-schema-graph\">{\n\t    \"@context\": \"https:\\\/\\\/schema.org\",\n\t    \"@graph\": [\n\t        {\n\t            \"@type\": \"WebPage\",\n\t            \"@id\": \"https:\\\/\\\/www.marshberry.com\\\/eu\\\/de\\\/expertise\\\/\",\n\t            \"url\": \"https:\\\/\\\/www.marshberry.com\\\/eu\\\/de\\\/expertise\\\/\",\n\t            \"name\": \"L\u00f6sungen f\u00fcr Unternehmenswachstum | MarshBerry Europa\",\n\t            \"isPartOf\": {\n\t                \"@id\": \"https:\\\/\\\/www.marshberry.com\\\/eu\\\/de\\\/#website\"\n\t            },\n\t            \"datePublished\": \"2023-09-17T17:25:39+00:00\",\n\t            \"dateModified\": \"2026-04-01T15:00:15+00:00\",\n\t            \"description\": \"MarshBerry bietet individuelle L\u00f6sungen f\u00fcr jede Phase der Unternehmensentwicklung in der Versicherungs- und Verm\u00f6gensverwaltungsbranche.\",\n\t            \"breadcrumb\": {\n\t                \"@id\": \"https:\\\/\\\/www.marshberry.com\\\/eu\\\/de\\\/expertise\\\/#breadcrumb\"\n\t            },\n\t            \"inLanguage\": \"de-DE\",\n\t            \"potentialAction\": [\n\t                {\n\t                    \"@type\": \"ReadAction\",\n\t                    \"target\": [\n\t                        \"https:\\\/\\\/www.marshberry.com\\\/eu\\\/de\\\/expertise\\\/\"\n\t                    ]\n\t                }\n\t            ]\n\t        },\n\t        {\n\t            \"@type\": \"BreadcrumbList\",\n\t            \"@id\": \"https:\\\/\\\/www.marshberry.com\\\/eu\\\/de\\\/expertise\\\/#breadcrumb\",\n\t            \"itemListElement\": [\n\t                {\n\t                    \"@type\": \"ListItem\",\n\t                    \"position\": 1,\n\t                    \"name\": \"Home\",\n\t                    \"item\": \"https:\\\/\\\/www.marshberry.com\\\/eu\\\/de\\\/\"\n\t                },\n\t                {\n\t                    \"@type\": \"ListItem\",\n\t                    \"position\": 2,\n\t                    \"name\": \"Expertise\"\n\t                }\n\t            ]\n\t        },\n\t        {\n\t            \"@type\": \"WebSite\",\n\t            \"@id\": \"https:\\\/\\\/www.marshberry.com\\\/eu\\\/de\\\/#website\",\n\t            \"url\": \"https:\\\/\\\/www.marshberry.com\\\/eu\\\/de\\\/\",\n\t            \"name\": \"MarshBerry\",\n\t            \"description\": \"Realize your firm\u2019s value with consulting services for the wealth management and insurance agency markets from MarshBerry. Our advisors are experts in brokerage consulting and can help you with M&amp;A advisory services, debt &amp; equity capital raising, and more. MarshBerry advisors will create a customized approach to help you obtain your business goals. Contact MarshBerry today!\",\n\t            \"publisher\": {\n\t                \"@id\": \"https:\\\/\\\/www.marshberry.com\\\/eu\\\/de\\\/#organization\"\n\t            },\n\t            \"alternateName\": \"MarshBerry Europe\",\n\t            \"potentialAction\": [\n\t                {\n\t                    \"@type\": \"SearchAction\",\n\t                    \"target\": {\n\t                        \"@type\": \"EntryPoint\",\n\t                        \"urlTemplate\": \"https:\\\/\\\/www.marshberry.com\\\/eu\\\/de\\\/?s={search_term_string}\"\n\t                    },\n\t                    \"query-input\": {\n\t                        \"@type\": \"PropertyValueSpecification\",\n\t                        \"valueRequired\": true,\n\t                        \"valueName\": \"search_term_string\"\n\t                    }\n\t                }\n\t            ],\n\t            \"inLanguage\": \"de-DE\"\n\t        },\n\t        {\n\t            \"@type\": \"Organization\",\n\t            \"@id\": \"https:\\\/\\\/www.marshberry.com\\\/eu\\\/de\\\/#organization\",\n\t            \"name\": \"MarshBerry\",\n\t            \"url\": \"https:\\\/\\\/www.marshberry.com\\\/eu\\\/de\\\/\",\n\t            \"logo\": {\n\t                \"@type\": \"ImageObject\",\n\t                \"inLanguage\": \"de-DE\",\n\t                \"@id\": \"https:\\\/\\\/www.marshberry.com\\\/eu\\\/de\\\/#\\\/schema\\\/logo\\\/image\\\/\",\n\t                \"url\": \"https:\\\/\\\/www.marshberry.com\\\/eu\\\/wp-content\\\/uploads\\\/sites\\\/2\\\/2023\\\/10\\\/marshberry-footer-logo.png\",\n\t                \"contentUrl\": \"https:\\\/\\\/www.marshberry.com\\\/eu\\\/wp-content\\\/uploads\\\/sites\\\/2\\\/2023\\\/10\\\/marshberry-footer-logo.png\",\n\t                \"width\": 400,\n\t                \"height\": 97,\n\t                \"caption\": \"MarshBerry\"\n\t            },\n\t            \"image\": {\n\t                \"@id\": \"https:\\\/\\\/www.marshberry.com\\\/eu\\\/de\\\/#\\\/schema\\\/logo\\\/image\\\/\"\n\t            },\n\t            \"sameAs\": [\n\t                \"https:\\\/\\\/www.facebook.com\\\/MarshBerry\",\n\t                \"https:\\\/\\\/x.com\\\/MarshBerryInc\",\n\t                \"https:\\\/\\\/www.linkedin.com\\\/company\\\/marshberry-europe\\\/\",\n\t                \"https:\\\/\\\/www.instagram.com\\\/marshberry_inc\\\/\"\n\t            ],\n\t            \"description\": \"Realize your firm\u2019s value with insurance agency consulting services from MarshBerry Europe. We are experts in brokerage consulting and can help you with M&A advisory services, debt & equity capital raising, and more. Our insurance agency consultants will create a customized approach to help you obtain your business goals. Contact MarshBerry Europe today!\",\n\t            \"email\": \"marshberry@marshberry.com\",\n\t            \"telephone\": \"+31-20-218-7800\",\n\t            \"legalName\": \"IMAS Corporate Finance LLP\"\n\t        }\n\t    ]\n\t}<\/script>\n<!-- \/ Yoast SEO Premium plugin. -->","yoast_head_json":{"title":"L\u00f6sungen f\u00fcr Unternehmenswachstum | MarshBerry Europa","description":"MarshBerry bietet individuelle L\u00f6sungen f\u00fcr jede Phase der Unternehmensentwicklung in der Versicherungs- und Verm\u00f6gensverwaltungsbranche.","robots":{"index":"index","follow":"follow","max-snippet":"max-snippet:-1","max-image-preview":"max-image-preview:large","max-video-preview":"max-video-preview:-1"},"canonical":"https:\/\/www.marshberry.com\/eu\/de\/expertise\/","og_locale":"de_DE","og_type":"article","og_title":"Expertise","og_description":"MarshBerry bietet individuelle L\u00f6sungen f\u00fcr jede Phase der Unternehmensentwicklung in der Versicherungs- und Verm\u00f6gensverwaltungsbranche.","og_url":"https:\/\/www.marshberry.com\/eu\/de\/expertise\/","og_site_name":"MarshBerry Europe","article_publisher":"https:\/\/www.facebook.com\/MarshBerry","article_modified_time":"2026-04-01T15:00:15+00:00","og_image":[{"width":1200,"height":675,"url":"https:\/\/www.marshberry.com\/eu\/wp-content\/uploads\/sites\/2\/2025\/02\/MB-yoast-site-image-1200px.jpg","type":"image\/jpeg"}],"twitter_card":"summary_large_image","twitter_site":"@MarshBerryInc","twitter_misc":{"Gesch\u00e4tzte Lesezeit":"2 Minuten"},"schema":{"@context":"https:\/\/schema.org","@graph":[{"@type":"WebPage","@id":"https:\/\/www.marshberry.com\/eu\/de\/expertise\/","url":"https:\/\/www.marshberry.com\/eu\/de\/expertise\/","name":"L\u00f6sungen f\u00fcr Unternehmenswachstum | MarshBerry Europa","isPartOf":{"@id":"https:\/\/www.marshberry.com\/eu\/de\/#website"},"datePublished":"2023-09-17T17:25:39+00:00","dateModified":"2026-04-01T15:00:15+00:00","description":"MarshBerry bietet individuelle L\u00f6sungen f\u00fcr jede Phase der Unternehmensentwicklung in der Versicherungs- und Verm\u00f6gensverwaltungsbranche.","breadcrumb":{"@id":"https:\/\/www.marshberry.com\/eu\/de\/expertise\/#breadcrumb"},"inLanguage":"de-DE","potentialAction":[{"@type":"ReadAction","target":["https:\/\/www.marshberry.com\/eu\/de\/expertise\/"]}]},{"@type":"BreadcrumbList","@id":"https:\/\/www.marshberry.com\/eu\/de\/expertise\/#breadcrumb","itemListElement":[{"@type":"ListItem","position":1,"name":"Home","item":"https:\/\/www.marshberry.com\/eu\/de\/"},{"@type":"ListItem","position":2,"name":"Expertise"}]},{"@type":"WebSite","@id":"https:\/\/www.marshberry.com\/eu\/de\/#website","url":"https:\/\/www.marshberry.com\/eu\/de\/","name":"MarshBerry","description":"Realize your firm\u2019s value with consulting services for the wealth management and insurance agency markets from MarshBerry. Our advisors are experts in brokerage consulting and can help you with M&amp;A advisory services, debt &amp; equity capital raising, and more. MarshBerry advisors will create a customized approach to help you obtain your business goals. Contact MarshBerry today!","publisher":{"@id":"https:\/\/www.marshberry.com\/eu\/de\/#organization"},"alternateName":"MarshBerry Europe","potentialAction":[{"@type":"SearchAction","target":{"@type":"EntryPoint","urlTemplate":"https:\/\/www.marshberry.com\/eu\/de\/?s={search_term_string}"},"query-input":{"@type":"PropertyValueSpecification","valueRequired":true,"valueName":"search_term_string"}}],"inLanguage":"de-DE"},{"@type":"Organization","@id":"https:\/\/www.marshberry.com\/eu\/de\/#organization","name":"MarshBerry","url":"https:\/\/www.marshberry.com\/eu\/de\/","logo":{"@type":"ImageObject","inLanguage":"de-DE","@id":"https:\/\/www.marshberry.com\/eu\/de\/#\/schema\/logo\/image\/","url":"https:\/\/www.marshberry.com\/eu\/wp-content\/uploads\/sites\/2\/2023\/10\/marshberry-footer-logo.png","contentUrl":"https:\/\/www.marshberry.com\/eu\/wp-content\/uploads\/sites\/2\/2023\/10\/marshberry-footer-logo.png","width":400,"height":97,"caption":"MarshBerry"},"image":{"@id":"https:\/\/www.marshberry.com\/eu\/de\/#\/schema\/logo\/image\/"},"sameAs":["https:\/\/www.facebook.com\/MarshBerry","https:\/\/x.com\/MarshBerryInc","https:\/\/www.linkedin.com\/company\/marshberry-europe\/","https:\/\/www.instagram.com\/marshberry_inc\/"],"description":"Realize your firm\u2019s value with insurance agency consulting services from MarshBerry Europe. We are experts in brokerage consulting and can help you with M&A advisory services, debt & equity capital raising, and more. Our insurance agency consultants will create a customized approach to help you obtain your business goals. Contact MarshBerry Europe today!","email":"marshberry@marshberry.com","telephone":"+31-20-218-7800","legalName":"IMAS Corporate Finance LLP"}]}},"acf":[],"_links":{"self":[{"href":"https:\/\/www.marshberry.com\/eu\/de\/wp-json\/wp\/v2\/pages\/4265","targetHints":{"allow":["GET"]}}],"collection":[{"href":"https:\/\/www.marshberry.com\/eu\/de\/wp-json\/wp\/v2\/pages"}],"about":[{"href":"https:\/\/www.marshberry.com\/eu\/de\/wp-json\/wp\/v2\/types\/page"}],"author":[{"embeddable":true,"href":"https:\/\/www.marshberry.com\/eu\/de\/wp-json\/wp\/v2\/users\/2"}],"replies":[{"embeddable":true,"href":"https:\/\/www.marshberry.com\/eu\/de\/wp-json\/wp\/v2\/comments?post=4265"}],"version-history":[{"count":3,"href":"https:\/\/www.marshberry.com\/eu\/de\/wp-json\/wp\/v2\/pages\/4265\/revisions"}],"predecessor-version":[{"id":11370,"href":"https:\/\/www.marshberry.com\/eu\/de\/wp-json\/wp\/v2\/pages\/4265\/revisions\/11370"}],"wp:attachment":[{"href":"https:\/\/www.marshberry.com\/eu\/de\/wp-json\/wp\/v2\/media?parent=4265"}],"curies":[{"name":"wp","href":"https:\/\/api.w.org\/{rel}","templated":true}]}}