{"id":4324,"date":"2023-09-17T18:07:07","date_gmt":"2023-09-17T18:07:07","guid":{"rendered":"https:\/\/www.marshberry.com\/eu\/maerkte\/vermoegensverwaltung\/"},"modified":"2026-03-30T20:01:17","modified_gmt":"2026-03-30T20:01:17","slug":"vermoegensverwaltung","status":"publish","type":"page","link":"https:\/\/www.marshberry.com\/eu\/de\/maerkte\/vermoegensverwaltung\/","title":{"rendered":"Verm\u00f6gensverwaltung"},"content":{"rendered":"\n<h1 class=\"wp-block-heading\" id=\"h-beratung-von-vermogensverwaltern\">Beratung von Verm\u00f6gensverwaltern<\/h1>\n\n\n\n<p class=\"preheader\">Strategische Ausrichtung oder Nachfolgeregelung: MarshBerry ist Ihr langfristiger und vertrauter Partner<\/p>\n\n\n\n<p>Der Markt f\u00fcr unabh\u00e4ngige Verm\u00f6gensverwalter in Deutschland z\u00e4hlt zu den bedeutendsten in Europa \u2013 mit einem gesch\u00e4tzten verwalteten Verm\u00f6gen von \u00fcber 400 Milliarden Euro. Der Sektor ist stark fragmentiert und gepr\u00e4gt von einer Vielzahl eigent\u00fcmergef\u00fchrter Unternehmen, die verm\u00f6gende Privatkundschaft in langfristigen Mandaten betreuen.<\/p>\n\n\n\n<p>Trotz seiner Gr\u00f6\u00dfe steht der Markt vor strukturellem Wandel: steigende Regulierung, sinkende Margen, zunehmender Konsolidierungsdruck und Digitalisierung fordern etablierte Gesch\u00e4ftsmodelle heraus. Viele Inhaber n\u00e4hern sich dem Ruhestand, w\u00e4hrend strategisch durchdachte Nachfolgekonzepte oder Skalierungsstrategien oft fehlen. Gleichzeitig treten neue Wettbewerber wie FinTechs, Plattformanbieter und gro\u00dfe Konsolidierer in den Markt ein.<\/p>\n\n\n\n<p>MarshBerry begleitet unabh\u00e4ngige Verm\u00f6gensverwalter in Deutschland, \u00d6sterreich und der Schweiz bei der erfolgreichen Navigation durch dieses komplexe Umfeld \u2013 mit tiefem Branchenverst\u00e4ndnis, exklusiven Leistungsbenchmarks und umfassender Erfahrung in der Umsetzung von Transaktionen und Kapitalma\u00dfnahmen.<\/p>\n\n\n\n<p>Unser Anspruch: Unternehmen dabei zu unterst\u00fctzen, ihren Wert zu erhalten, gezielt zu steigern oder erfolgreich an die n\u00e4chste Generation zu \u00fcbergeben \u2013 auf Basis klarer Daten, tragf\u00e4higer Strategien und partnerschaftlicher Umsetzung.<\/p>\n\n\n\n<p>MarshBerry unterst\u00fctzt Sie bei:<\/p>\n\n\n\n<ul class=\"wp-block-list\">\n<li>Strategischer Begleitung von Unternehmensverk\u00e4ufen, Fusionen oder gezielten Zuk\u00e4ufen<\/li>\n\n\n\n<li>Strukturierung von Eigen- und Fremdkapital zur Finanzierung von Buy-outs und Wachstumsstrategien<\/li>\n\n\n\n<li>Strategische Wegblegleitung auf Basis von Marktanalysen und Benchmarks<\/li>\n<\/ul>\n\n\n\n<p>Unsere Beratung richtet sich an:<\/p>\n\n\n\n<ul class=\"wp-block-list\">\n<li>Unabh\u00e4ngige Verm\u00f6gensverwalter mit \u00a732-KWG-Lizenz<\/li>\n\n\n\n<li>Finanzanlagenvermittler mit fokussierter Investment-Ausrichtung (\u00a734f GewO)<\/li>\n\n\n\n<li>Multi- und Single-Family-Offices mit eigenem Investmentansatz<\/li>\n\n\n\n<li>Weitere relevante Akteure im Verm\u00f6gensmanagement-\u00d6kosystem, darunter: Investmentorientierte Versicherungsmakler, Anbieter von Ruhestands- und Nachfolgeplanung, Digitale Verm\u00f6gensplattformen und FinTechs sowie Technologie- und Infrastrukturanbieter im Verm\u00f6gensverwaltungs-Bereich<\/li>\n<\/ul>\n\n\n\n<p><\/p>\n","protected":false},"excerpt":{"rendered":"<p>Beratung von Verm\u00f6gensverwaltern Strategische Ausrichtung oder Nachfolgeregelung: MarshBerry ist Ihr langfristiger und vertrauter Partner Der Markt f\u00fcr unabh\u00e4ngige Verm\u00f6gensverwalter in Deutschland z\u00e4hlt zu den bedeutendsten in Europa \u2013 mit einem gesch\u00e4tzten verwalteten Verm\u00f6gen von \u00fcber 400 Milliarden Euro. Der Sektor ist stark fragmentiert und gepr\u00e4gt von einer Vielzahl eigent\u00fcmergef\u00fchrter Unternehmen, die verm\u00f6gende Privatkundschaft in langfristigen [&hellip;]<\/p>\n","protected":false},"author":2,"featured_media":0,"parent":4320,"menu_order":1,"comment_status":"closed","ping_status":"closed","template":"","meta":{"_acf_changed":false,"footnotes":""},"class_list":["post-4324","page","type-page","status-publish","hentry"],"yoast_head":"<!-- This site is optimized with the Yoast SEO Premium plugin v27.4 (Yoast SEO v27.4) - https:\/\/yoast.com\/product\/yoast-seo-premium-wordpress\/ -->\n<title>Beratung f\u00fcr Verm\u00f6gensverwalter in Europa | MarshBerry Europa<\/title>\n<meta name=\"description\" content=\"Beratung f\u00fcr Verm\u00f6gensverwalter zu Wachstum, Strategie und langfristiger Wertentwicklung.\" \/>\n<meta name=\"robots\" content=\"index, follow, max-snippet:-1, max-image-preview:large, max-video-preview:-1\" \/>\n<link rel=\"canonical\" href=\"https:\/\/www.marshberry.com\/eu\/de\/maerkte\/vermoegensverwaltung\/\" \/>\n<meta property=\"og:locale\" content=\"de_DE\" \/>\n<meta property=\"og:type\" content=\"article\" \/>\n<meta property=\"og:title\" content=\"Verm\u00f6gensverwaltung\" \/>\n<meta property=\"og:description\" content=\"Beratung f\u00fcr Verm\u00f6gensverwalter zu Wachstum, Strategie und langfristiger Wertentwicklung.\" \/>\n<meta property=\"og:url\" content=\"https:\/\/www.marshberry.com\/eu\/de\/maerkte\/vermoegensverwaltung\/\" \/>\n<meta property=\"og:site_name\" content=\"MarshBerry Europe\" \/>\n<meta property=\"article:publisher\" content=\"https:\/\/www.facebook.com\/MarshBerry\" \/>\n<meta property=\"article:modified_time\" content=\"2026-03-30T20:01:17+00:00\" \/>\n<meta property=\"og:image\" content=\"https:\/\/www.marshberry.com\/eu\/wp-content\/uploads\/sites\/2\/2025\/02\/MB-yoast-site-image-1200px.jpg\" \/>\n\t<meta property=\"og:image:width\" content=\"1200\" \/>\n\t<meta property=\"og:image:height\" content=\"675\" \/>\n\t<meta property=\"og:image:type\" content=\"image\/jpeg\" \/>\n<meta name=\"twitter:card\" content=\"summary_large_image\" \/>\n<meta name=\"twitter:site\" content=\"@MarshBerryInc\" \/>\n<meta name=\"twitter:label1\" content=\"Gesch\u00e4tzte Lesezeit\" \/>\n\t<meta name=\"twitter:data1\" content=\"2 Minuten\" \/>\n<script type=\"application\/ld+json\" class=\"yoast-schema-graph\">{\n\t    \"@context\": \"https:\\\/\\\/schema.org\",\n\t    \"@graph\": [\n\t        {\n\t            \"@type\": \"WebPage\",\n\t            \"@id\": \"https:\\\/\\\/www.marshberry.com\\\/eu\\\/de\\\/maerkte\\\/vermoegensverwaltung\\\/\",\n\t            \"url\": \"https:\\\/\\\/www.marshberry.com\\\/eu\\\/de\\\/maerkte\\\/vermoegensverwaltung\\\/\",\n\t            \"name\": \"Beratung f\u00fcr Verm\u00f6gensverwalter in Europa | MarshBerry Europa\",\n\t            \"isPartOf\": {\n\t                \"@id\": \"https:\\\/\\\/www.marshberry.com\\\/eu\\\/de\\\/#website\"\n\t            },\n\t            \"datePublished\": \"2023-09-17T18:07:07+00:00\",\n\t            \"dateModified\": \"2026-03-30T20:01:17+00:00\",\n\t            \"description\": \"Beratung f\u00fcr Verm\u00f6gensverwalter zu Wachstum, Strategie und langfristiger Wertentwicklung.\",\n\t            \"breadcrumb\": {\n\t                \"@id\": \"https:\\\/\\\/www.marshberry.com\\\/eu\\\/de\\\/maerkte\\\/vermoegensverwaltung\\\/#breadcrumb\"\n\t            },\n\t            \"inLanguage\": \"de-DE\",\n\t            \"potentialAction\": [\n\t                {\n\t                    \"@type\": \"ReadAction\",\n\t                    \"target\": [\n\t                        \"https:\\\/\\\/www.marshberry.com\\\/eu\\\/de\\\/maerkte\\\/vermoegensverwaltung\\\/\"\n\t                    ]\n\t                }\n\t            ]\n\t        },\n\t        {\n\t            \"@type\": \"BreadcrumbList\",\n\t            \"@id\": \"https:\\\/\\\/www.marshberry.com\\\/eu\\\/de\\\/maerkte\\\/vermoegensverwaltung\\\/#breadcrumb\",\n\t            \"itemListElement\": [\n\t                {\n\t                    \"@type\": \"ListItem\",\n\t                    \"position\": 1,\n\t                    \"name\": \"Home\",\n\t                    \"item\": \"https:\\\/\\\/www.marshberry.com\\\/eu\\\/de\\\/\"\n\t                },\n\t                {\n\t                    \"@type\": \"ListItem\",\n\t                    \"position\": 2,\n\t                    \"name\": \"Branchen\",\n\t                    \"item\": \"https:\\\/\\\/www.marshberry.com\\\/eu\\\/de\\\/maerkte\\\/\"\n\t                },\n\t                {\n\t                    \"@type\": \"ListItem\",\n\t                    \"position\": 3,\n\t                    \"name\": \"Verm\u00f6gensverwaltung\"\n\t                }\n\t            ]\n\t        },\n\t        {\n\t            \"@type\": \"WebSite\",\n\t            \"@id\": \"https:\\\/\\\/www.marshberry.com\\\/eu\\\/de\\\/#website\",\n\t            \"url\": \"https:\\\/\\\/www.marshberry.com\\\/eu\\\/de\\\/\",\n\t            \"name\": \"MarshBerry\",\n\t            \"description\": \"Realize your firm\u2019s value with consulting services for the wealth management and insurance agency markets from MarshBerry. Our advisors are experts in brokerage consulting and can help you with M&amp;A advisory services, debt &amp; equity capital raising, and more. MarshBerry advisors will create a customized approach to help you obtain your business goals. Contact MarshBerry today!\",\n\t            \"publisher\": {\n\t                \"@id\": \"https:\\\/\\\/www.marshberry.com\\\/eu\\\/de\\\/#organization\"\n\t            },\n\t            \"alternateName\": \"MarshBerry Europe\",\n\t            \"potentialAction\": [\n\t                {\n\t                    \"@type\": \"SearchAction\",\n\t                    \"target\": {\n\t                        \"@type\": \"EntryPoint\",\n\t                        \"urlTemplate\": \"https:\\\/\\\/www.marshberry.com\\\/eu\\\/de\\\/?s={search_term_string}\"\n\t                    },\n\t                    \"query-input\": {\n\t                        \"@type\": \"PropertyValueSpecification\",\n\t                        \"valueRequired\": true,\n\t                        \"valueName\": \"search_term_string\"\n\t                    }\n\t                }\n\t            ],\n\t            \"inLanguage\": \"de-DE\"\n\t        },\n\t        {\n\t            \"@type\": \"Organization\",\n\t            \"@id\": \"https:\\\/\\\/www.marshberry.com\\\/eu\\\/de\\\/#organization\",\n\t            \"name\": \"MarshBerry\",\n\t            \"url\": \"https:\\\/\\\/www.marshberry.com\\\/eu\\\/de\\\/\",\n\t            \"logo\": {\n\t                \"@type\": \"ImageObject\",\n\t                \"inLanguage\": \"de-DE\",\n\t                \"@id\": \"https:\\\/\\\/www.marshberry.com\\\/eu\\\/de\\\/#\\\/schema\\\/logo\\\/image\\\/\",\n\t                \"url\": \"https:\\\/\\\/www.marshberry.com\\\/eu\\\/wp-content\\\/uploads\\\/sites\\\/2\\\/2023\\\/10\\\/marshberry-footer-logo.png\",\n\t                \"contentUrl\": \"https:\\\/\\\/www.marshberry.com\\\/eu\\\/wp-content\\\/uploads\\\/sites\\\/2\\\/2023\\\/10\\\/marshberry-footer-logo.png\",\n\t                \"width\": 400,\n\t                \"height\": 97,\n\t                \"caption\": \"MarshBerry\"\n\t            },\n\t            \"image\": {\n\t                \"@id\": \"https:\\\/\\\/www.marshberry.com\\\/eu\\\/de\\\/#\\\/schema\\\/logo\\\/image\\\/\"\n\t            },\n\t            \"sameAs\": [\n\t                \"https:\\\/\\\/www.facebook.com\\\/MarshBerry\",\n\t                \"https:\\\/\\\/x.com\\\/MarshBerryInc\",\n\t                \"https:\\\/\\\/www.linkedin.com\\\/company\\\/marshberry-europe\\\/\",\n\t                \"https:\\\/\\\/www.instagram.com\\\/marshberry_inc\\\/\"\n\t            ],\n\t            \"description\": \"Realize your firm\u2019s value with insurance agency consulting services from MarshBerry Europe. We are experts in brokerage consulting and can help you with M&A advisory services, debt & equity capital raising, and more. Our insurance agency consultants will create a customized approach to help you obtain your business goals. Contact MarshBerry Europe today!\",\n\t            \"email\": \"marshberry@marshberry.com\",\n\t            \"telephone\": \"+31-20-218-7800\",\n\t            \"legalName\": \"IMAS Corporate Finance LLP\"\n\t        }\n\t    ]\n\t}<\/script>\n<!-- \/ Yoast SEO Premium plugin. -->","yoast_head_json":{"title":"Beratung f\u00fcr Verm\u00f6gensverwalter in Europa | MarshBerry Europa","description":"Beratung f\u00fcr Verm\u00f6gensverwalter zu Wachstum, Strategie und langfristiger Wertentwicklung.","robots":{"index":"index","follow":"follow","max-snippet":"max-snippet:-1","max-image-preview":"max-image-preview:large","max-video-preview":"max-video-preview:-1"},"canonical":"https:\/\/www.marshberry.com\/eu\/de\/maerkte\/vermoegensverwaltung\/","og_locale":"de_DE","og_type":"article","og_title":"Verm\u00f6gensverwaltung","og_description":"Beratung f\u00fcr Verm\u00f6gensverwalter zu Wachstum, Strategie und langfristiger Wertentwicklung.","og_url":"https:\/\/www.marshberry.com\/eu\/de\/maerkte\/vermoegensverwaltung\/","og_site_name":"MarshBerry Europe","article_publisher":"https:\/\/www.facebook.com\/MarshBerry","article_modified_time":"2026-03-30T20:01:17+00:00","og_image":[{"width":1200,"height":675,"url":"https:\/\/www.marshberry.com\/eu\/wp-content\/uploads\/sites\/2\/2025\/02\/MB-yoast-site-image-1200px.jpg","type":"image\/jpeg"}],"twitter_card":"summary_large_image","twitter_site":"@MarshBerryInc","twitter_misc":{"Gesch\u00e4tzte Lesezeit":"2 Minuten"},"schema":{"@context":"https:\/\/schema.org","@graph":[{"@type":"WebPage","@id":"https:\/\/www.marshberry.com\/eu\/de\/maerkte\/vermoegensverwaltung\/","url":"https:\/\/www.marshberry.com\/eu\/de\/maerkte\/vermoegensverwaltung\/","name":"Beratung f\u00fcr Verm\u00f6gensverwalter in Europa | MarshBerry Europa","isPartOf":{"@id":"https:\/\/www.marshberry.com\/eu\/de\/#website"},"datePublished":"2023-09-17T18:07:07+00:00","dateModified":"2026-03-30T20:01:17+00:00","description":"Beratung f\u00fcr Verm\u00f6gensverwalter zu Wachstum, Strategie und langfristiger Wertentwicklung.","breadcrumb":{"@id":"https:\/\/www.marshberry.com\/eu\/de\/maerkte\/vermoegensverwaltung\/#breadcrumb"},"inLanguage":"de-DE","potentialAction":[{"@type":"ReadAction","target":["https:\/\/www.marshberry.com\/eu\/de\/maerkte\/vermoegensverwaltung\/"]}]},{"@type":"BreadcrumbList","@id":"https:\/\/www.marshberry.com\/eu\/de\/maerkte\/vermoegensverwaltung\/#breadcrumb","itemListElement":[{"@type":"ListItem","position":1,"name":"Home","item":"https:\/\/www.marshberry.com\/eu\/de\/"},{"@type":"ListItem","position":2,"name":"Branchen","item":"https:\/\/www.marshberry.com\/eu\/de\/maerkte\/"},{"@type":"ListItem","position":3,"name":"Verm\u00f6gensverwaltung"}]},{"@type":"WebSite","@id":"https:\/\/www.marshberry.com\/eu\/de\/#website","url":"https:\/\/www.marshberry.com\/eu\/de\/","name":"MarshBerry","description":"Realize your firm\u2019s value with consulting services for the wealth management and insurance agency markets from MarshBerry. Our advisors are experts in brokerage consulting and can help you with M&amp;A advisory services, debt &amp; equity capital raising, and more. MarshBerry advisors will create a customized approach to help you obtain your business goals. Contact MarshBerry today!","publisher":{"@id":"https:\/\/www.marshberry.com\/eu\/de\/#organization"},"alternateName":"MarshBerry Europe","potentialAction":[{"@type":"SearchAction","target":{"@type":"EntryPoint","urlTemplate":"https:\/\/www.marshberry.com\/eu\/de\/?s={search_term_string}"},"query-input":{"@type":"PropertyValueSpecification","valueRequired":true,"valueName":"search_term_string"}}],"inLanguage":"de-DE"},{"@type":"Organization","@id":"https:\/\/www.marshberry.com\/eu\/de\/#organization","name":"MarshBerry","url":"https:\/\/www.marshberry.com\/eu\/de\/","logo":{"@type":"ImageObject","inLanguage":"de-DE","@id":"https:\/\/www.marshberry.com\/eu\/de\/#\/schema\/logo\/image\/","url":"https:\/\/www.marshberry.com\/eu\/wp-content\/uploads\/sites\/2\/2023\/10\/marshberry-footer-logo.png","contentUrl":"https:\/\/www.marshberry.com\/eu\/wp-content\/uploads\/sites\/2\/2023\/10\/marshberry-footer-logo.png","width":400,"height":97,"caption":"MarshBerry"},"image":{"@id":"https:\/\/www.marshberry.com\/eu\/de\/#\/schema\/logo\/image\/"},"sameAs":["https:\/\/www.facebook.com\/MarshBerry","https:\/\/x.com\/MarshBerryInc","https:\/\/www.linkedin.com\/company\/marshberry-europe\/","https:\/\/www.instagram.com\/marshberry_inc\/"],"description":"Realize your firm\u2019s value with insurance agency consulting services from MarshBerry Europe. We are experts in brokerage consulting and can help you with M&A advisory services, debt & equity capital raising, and more. Our insurance agency consultants will create a customized approach to help you obtain your business goals. Contact MarshBerry Europe today!","email":"marshberry@marshberry.com","telephone":"+31-20-218-7800","legalName":"IMAS Corporate Finance LLP"}]}},"acf":[],"_links":{"self":[{"href":"https:\/\/www.marshberry.com\/eu\/de\/wp-json\/wp\/v2\/pages\/4324","targetHints":{"allow":["GET"]}}],"collection":[{"href":"https:\/\/www.marshberry.com\/eu\/de\/wp-json\/wp\/v2\/pages"}],"about":[{"href":"https:\/\/www.marshberry.com\/eu\/de\/wp-json\/wp\/v2\/types\/page"}],"author":[{"embeddable":true,"href":"https:\/\/www.marshberry.com\/eu\/de\/wp-json\/wp\/v2\/users\/2"}],"replies":[{"embeddable":true,"href":"https:\/\/www.marshberry.com\/eu\/de\/wp-json\/wp\/v2\/comments?post=4324"}],"version-history":[{"count":1,"href":"https:\/\/www.marshberry.com\/eu\/de\/wp-json\/wp\/v2\/pages\/4324\/revisions"}],"predecessor-version":[{"id":12039,"href":"https:\/\/www.marshberry.com\/eu\/de\/wp-json\/wp\/v2\/pages\/4324\/revisions\/12039"}],"up":[{"embeddable":true,"href":"https:\/\/www.marshberry.com\/eu\/de\/wp-json\/wp\/v2\/pages\/4320"}],"wp:attachment":[{"href":"https:\/\/www.marshberry.com\/eu\/de\/wp-json\/wp\/v2\/media?parent=4324"}],"curies":[{"name":"wp","href":"https:\/\/api.w.org\/{rel}","templated":true}]}}