{"id":4337,"date":"2023-09-17T18:14:29","date_gmt":"2023-09-17T18:14:29","guid":{"rendered":"https:\/\/www.marshberry.com\/eu\/ueber-marshberry\/"},"modified":"2026-03-30T20:08:00","modified_gmt":"2026-03-30T20:08:00","slug":"ueber-marshberry","status":"publish","type":"page","link":"https:\/\/www.marshberry.com\/eu\/de\/ueber-marshberry\/","title":{"rendered":"\u00dcber MarshBerry"},"content":{"rendered":"\n<div class=\"wp-block-group wp-block-singular\"><div class=\"wp-block-group__inner-container is-layout-constrained wp-block-group-is-layout-constrained\">\n<h1 class=\"wp-block-heading\" id=\"h-lokale-spezialisten-global-vernetzt\">Lokale Spezialisten, global vernetzt<\/h1>\n\n\n\n<p>MarshBerry wurde 1981 gegr\u00fcndet und ist der international f\u00fchrende Corporate Finance \/ M&amp;A-Berater und strategische Wegbegleiter f\u00fcr inhabergef\u00fchrte Versicherungsvermittler und Verm\u00f6gensverwalter.<\/p>\n\n\n\n<p>Mit mehr als 1.000 erfolgreich begleiteten Transaktionen weltweit, einem klaren Branchenfokus und tiefem Marktverst\u00e4ndnis begleitet MarshBerry mittelst\u00e4ndische Unternehmen bei strategischen Fragestellungen, Nachfolgel\u00f6sungen und M&amp;A-Prozessen. Dabei setzen wir auf eine einzigartige, ganzheitliche Plattform, die auf exklusiver und fortschrittlicher Data-Science-Technologie basiert. Sie erm\u00f6glicht es unserem Team, Erfolge messbar zu machen, pr\u00e4zises Benchmarking durchzuf\u00fchren und Sie gezielt strategisch und bei Unternehmensverk\u00e4ufen und -k\u00e4ufen zu begleiten.<\/p>\n\n\n\n<p>MarshBerry ist mit eigenen B\u00fcros in den USA und seit 2019 auch in Europa vertreten. Kunden in der DACH-Region werden von einem erfahrenen deutschsprachigen Team am Standort Deutschland betreut \u2013 in enger Zusammenarbeit mit den europ\u00e4ischen MarshBerry-Teams in den Niederlanden und im Vereinigten K\u00f6nigreich.<\/p>\n\n\n\n    <div class=\"graphic-cards-block\" style=\"\">\n    <div class=\"content-wrap\">\n                                <div class=\"card\">\n            <div class=\"card-item\">\n              <div class=\"card-item-content\">\n                <h3 class=\"card-title\">Team<\/h3>                                                  <a href=\"https:\/\/www.marshberry.com\/eu\/de\/ueber-marshberry\/team-europa\/\"                 class=\"card-content\">\n                  <span class=\"card-bg\" style=\"background-image: url(https:\/\/www.marshberry.com\/eu\/wp-content\/uploads\/sites\/2\/2023\/10\/MS28668-768x369.jpg);\"><\/span>\n                  <span class=\"card-handle desktop\">View More<\/span>\n                  <span class=\"card-intro\">Das Beratungsteam von MarshBerry <\/span>                  <span class=\"card-text\">besteht aus weithin anerkannten und einflussreichen Fachleuten und Branchenexpertinnen und Experten, die gemeinsam mit Ihnen Ihren Weg in die Zukunft erkunden.<\/span>                  <span class=\"card-handle mobile\">View More<\/span>\n                                  <\/a>\n                              <\/div>\n            <\/div>\n          <\/div>\n                                        <div class=\"card\">\n            <div class=\"card-item\">\n              <div class=\"card-item-content\">\n                <h3 class=\"card-title\">Newsroom<\/h3>                                                  <a href=\"https:\/\/www.marshberry.com\/eu\/de\/ueber-marshberry\/neuigkeiten\/\"                 class=\"card-content\">\n                  <span class=\"card-bg\" style=\"background-image: url(https:\/\/www.marshberry.com\/eu\/wp-content\/uploads\/sites\/2\/2023\/10\/LSP_0225-1-768x512.jpg);\"><\/span>\n                  <span class=\"card-handle desktop\">View More<\/span>\n                  <span class=\"card-intro\">Aktuelle Neuigkeiten<\/span>                  <span class=\"card-text\">und Informationen von und \u00fcber MarshBerry finden Sie hier.<\/span>                  <span class=\"card-handle mobile\">View More<\/span>\n                                  <\/a>\n                              <\/div>\n            <\/div>\n          <\/div>\n                                        <div class=\"card\">\n            <div class=\"card-item\">\n              <div class=\"card-item-content\">\n                <h3 class=\"card-title\">Standorte<\/h3>                                                  <a href=\"https:\/\/www.marshberry.com\/eu\/de\/ueber-marshberry\/standorte\/\"                 class=\"card-content\">\n                  <span class=\"card-bg\" style=\"background-image: url(https:\/\/www.marshberry.com\/eu\/wp-content\/uploads\/sites\/2\/2023\/10\/AdobeStock_301281338-768x614.jpeg);\">Marshberry bridge with stairs<\/span>\n                  <span class=\"card-handle desktop\">View More<\/span>\n                  <span class=\"card-intro\">MarshBerry ist europaweit t\u00e4tig und hat Niederlassung in den pulsierendsten St\u00e4dten.<\/span>                  <span class=\"card-text\">Hier erwarten Sie Beratungsteams, die bestens mit den Gegebenheiten ihrer jeweiligen Region vertraut sind.<\/span>                  <span class=\"card-handle mobile\">View More<\/span>\n                                  <\/a>\n                              <\/div>\n            <\/div>\n          <\/div>\n                  <\/div>\n  <\/div>\n\n<\/div><\/div>\n","protected":false},"excerpt":{"rendered":"<p>Lokale Spezialisten, global vernetzt MarshBerry wurde 1981 gegr\u00fcndet und ist der international f\u00fchrende Corporate Finance \/ M&amp;A-Berater und strategische Wegbegleiter f\u00fcr inhabergef\u00fchrte Versicherungsvermittler und Verm\u00f6gensverwalter. Mit mehr als 1.000 erfolgreich begleiteten Transaktionen weltweit, einem klaren Branchenfokus und tiefem Marktverst\u00e4ndnis begleitet MarshBerry mittelst\u00e4ndische Unternehmen bei strategischen Fragestellungen, Nachfolgel\u00f6sungen und M&amp;A-Prozessen. Dabei setzen wir auf eine einzigartige, [&hellip;]<\/p>\n","protected":false},"author":2,"featured_media":0,"parent":0,"menu_order":4,"comment_status":"closed","ping_status":"closed","template":"tpl-block-builder.php","meta":{"_acf_changed":false,"footnotes":""},"class_list":["post-4337","page","type-page","status-publish","hentry"],"yoast_head":"<!-- This site is optimized with the Yoast SEO Premium plugin v27.4 (Yoast SEO v27.4) - https:\/\/yoast.com\/product\/yoast-seo-premium-wordpress\/ -->\n<title>\u00dcber MarshBerry: Corporate Finance &amp; M&amp;A-Beratung | MarshBerry Europa<\/title>\n<meta name=\"description\" content=\"Lokale Expertise mit globaler Vernetzung f\u00fcr Corporate Finance, M&amp;A und strategische Wertsteigerung.\" \/>\n<meta name=\"robots\" content=\"index, follow, max-snippet:-1, max-image-preview:large, max-video-preview:-1\" \/>\n<link rel=\"canonical\" href=\"https:\/\/www.marshberry.com\/eu\/de\/ueber-marshberry\/\" \/>\n<meta property=\"og:locale\" content=\"de_DE\" \/>\n<meta property=\"og:type\" content=\"article\" \/>\n<meta property=\"og:title\" content=\"\u00dcber MarshBerry\" \/>\n<meta property=\"og:description\" content=\"Lokale Expertise mit globaler Vernetzung f\u00fcr Corporate Finance, M&amp;A und strategische Wertsteigerung.\" \/>\n<meta property=\"og:url\" content=\"https:\/\/www.marshberry.com\/eu\/de\/ueber-marshberry\/\" \/>\n<meta property=\"og:site_name\" content=\"MarshBerry Europe\" \/>\n<meta property=\"article:publisher\" content=\"https:\/\/www.facebook.com\/MarshBerry\" \/>\n<meta property=\"article:modified_time\" content=\"2026-03-30T20:08:00+00:00\" \/>\n<meta property=\"og:image\" content=\"https:\/\/www.marshberry.com\/eu\/wp-content\/uploads\/sites\/2\/2025\/02\/MB-yoast-site-image-1200px.jpg\" \/>\n\t<meta property=\"og:image:width\" content=\"1200\" \/>\n\t<meta property=\"og:image:height\" content=\"675\" \/>\n\t<meta property=\"og:image:type\" content=\"image\/jpeg\" \/>\n<meta name=\"twitter:card\" content=\"summary_large_image\" \/>\n<meta name=\"twitter:site\" content=\"@MarshBerryInc\" \/>\n<meta name=\"twitter:label1\" content=\"Gesch\u00e4tzte Lesezeit\" \/>\n\t<meta name=\"twitter:data1\" content=\"2 Minuten\" \/>\n<script type=\"application\/ld+json\" class=\"yoast-schema-graph\">{\n\t    \"@context\": \"https:\\\/\\\/schema.org\",\n\t    \"@graph\": [\n\t        {\n\t            \"@type\": \"WebPage\",\n\t            \"@id\": \"https:\\\/\\\/www.marshberry.com\\\/eu\\\/de\\\/ueber-marshberry\\\/\",\n\t            \"url\": \"https:\\\/\\\/www.marshberry.com\\\/eu\\\/de\\\/ueber-marshberry\\\/\",\n\t            \"name\": \"\u00dcber MarshBerry: Corporate Finance & M&A-Beratung | MarshBerry Europa\",\n\t            \"isPartOf\": {\n\t                \"@id\": \"https:\\\/\\\/www.marshberry.com\\\/eu\\\/de\\\/#website\"\n\t            },\n\t            \"datePublished\": \"2023-09-17T18:14:29+00:00\",\n\t            \"dateModified\": \"2026-03-30T20:08:00+00:00\",\n\t            \"description\": \"Lokale Expertise mit globaler Vernetzung f\u00fcr Corporate Finance, M&A und strategische Wertsteigerung.\",\n\t            \"breadcrumb\": {\n\t                \"@id\": \"https:\\\/\\\/www.marshberry.com\\\/eu\\\/de\\\/ueber-marshberry\\\/#breadcrumb\"\n\t            },\n\t            \"inLanguage\": \"de-DE\",\n\t            \"potentialAction\": [\n\t                {\n\t                    \"@type\": \"ReadAction\",\n\t                    \"target\": [\n\t                        \"https:\\\/\\\/www.marshberry.com\\\/eu\\\/de\\\/ueber-marshberry\\\/\"\n\t                    ]\n\t                }\n\t            ]\n\t        },\n\t        {\n\t            \"@type\": \"BreadcrumbList\",\n\t            \"@id\": \"https:\\\/\\\/www.marshberry.com\\\/eu\\\/de\\\/ueber-marshberry\\\/#breadcrumb\",\n\t            \"itemListElement\": [\n\t                {\n\t                    \"@type\": \"ListItem\",\n\t                    \"position\": 1,\n\t                    \"name\": \"Home\",\n\t                    \"item\": \"https:\\\/\\\/www.marshberry.com\\\/eu\\\/de\\\/\"\n\t                },\n\t                {\n\t                    \"@type\": \"ListItem\",\n\t                    \"position\": 2,\n\t                    \"name\": \"\u00dcber MarshBerry\"\n\t                }\n\t            ]\n\t        },\n\t        {\n\t            \"@type\": \"WebSite\",\n\t            \"@id\": \"https:\\\/\\\/www.marshberry.com\\\/eu\\\/de\\\/#website\",\n\t            \"url\": \"https:\\\/\\\/www.marshberry.com\\\/eu\\\/de\\\/\",\n\t            \"name\": \"MarshBerry\",\n\t            \"description\": \"Realize your firm\u2019s value with consulting services for the wealth management and insurance agency markets from MarshBerry. Our advisors are experts in brokerage consulting and can help you with M&amp;A advisory services, debt &amp; equity capital raising, and more. MarshBerry advisors will create a customized approach to help you obtain your business goals. Contact MarshBerry today!\",\n\t            \"publisher\": {\n\t                \"@id\": \"https:\\\/\\\/www.marshberry.com\\\/eu\\\/de\\\/#organization\"\n\t            },\n\t            \"alternateName\": \"MarshBerry Europe\",\n\t            \"potentialAction\": [\n\t                {\n\t                    \"@type\": \"SearchAction\",\n\t                    \"target\": {\n\t                        \"@type\": \"EntryPoint\",\n\t                        \"urlTemplate\": \"https:\\\/\\\/www.marshberry.com\\\/eu\\\/de\\\/?s={search_term_string}\"\n\t                    },\n\t                    \"query-input\": {\n\t                        \"@type\": \"PropertyValueSpecification\",\n\t                        \"valueRequired\": true,\n\t                        \"valueName\": \"search_term_string\"\n\t                    }\n\t                }\n\t            ],\n\t            \"inLanguage\": \"de-DE\"\n\t        },\n\t        {\n\t            \"@type\": \"Organization\",\n\t            \"@id\": \"https:\\\/\\\/www.marshberry.com\\\/eu\\\/de\\\/#organization\",\n\t            \"name\": \"MarshBerry\",\n\t            \"url\": \"https:\\\/\\\/www.marshberry.com\\\/eu\\\/de\\\/\",\n\t            \"logo\": {\n\t                \"@type\": \"ImageObject\",\n\t                \"inLanguage\": \"de-DE\",\n\t                \"@id\": \"https:\\\/\\\/www.marshberry.com\\\/eu\\\/de\\\/#\\\/schema\\\/logo\\\/image\\\/\",\n\t                \"url\": \"https:\\\/\\\/www.marshberry.com\\\/eu\\\/wp-content\\\/uploads\\\/sites\\\/2\\\/2023\\\/10\\\/marshberry-footer-logo.png\",\n\t                \"contentUrl\": \"https:\\\/\\\/www.marshberry.com\\\/eu\\\/wp-content\\\/uploads\\\/sites\\\/2\\\/2023\\\/10\\\/marshberry-footer-logo.png\",\n\t                \"width\": 400,\n\t                \"height\": 97,\n\t                \"caption\": \"MarshBerry\"\n\t            },\n\t            \"image\": {\n\t                \"@id\": \"https:\\\/\\\/www.marshberry.com\\\/eu\\\/de\\\/#\\\/schema\\\/logo\\\/image\\\/\"\n\t            },\n\t            \"sameAs\": [\n\t                \"https:\\\/\\\/www.facebook.com\\\/MarshBerry\",\n\t                \"https:\\\/\\\/x.com\\\/MarshBerryInc\",\n\t                \"https:\\\/\\\/www.linkedin.com\\\/company\\\/marshberry-europe\\\/\",\n\t                \"https:\\\/\\\/www.instagram.com\\\/marshberry_inc\\\/\"\n\t            ],\n\t            \"description\": \"Realize your firm\u2019s value with insurance agency consulting services from MarshBerry Europe. We are experts in brokerage consulting and can help you with M&A advisory services, debt & equity capital raising, and more. Our insurance agency consultants will create a customized approach to help you obtain your business goals. Contact MarshBerry Europe today!\",\n\t            \"email\": \"marshberry@marshberry.com\",\n\t            \"telephone\": \"+31-20-218-7800\",\n\t            \"legalName\": \"IMAS Corporate Finance LLP\"\n\t        }\n\t    ]\n\t}<\/script>\n<!-- \/ Yoast SEO Premium plugin. -->","yoast_head_json":{"title":"\u00dcber MarshBerry: Corporate Finance & M&A-Beratung | MarshBerry Europa","description":"Lokale Expertise mit globaler Vernetzung f\u00fcr Corporate Finance, M&A und strategische Wertsteigerung.","robots":{"index":"index","follow":"follow","max-snippet":"max-snippet:-1","max-image-preview":"max-image-preview:large","max-video-preview":"max-video-preview:-1"},"canonical":"https:\/\/www.marshberry.com\/eu\/de\/ueber-marshberry\/","og_locale":"de_DE","og_type":"article","og_title":"\u00dcber MarshBerry","og_description":"Lokale Expertise mit globaler Vernetzung f\u00fcr Corporate Finance, M&A und strategische Wertsteigerung.","og_url":"https:\/\/www.marshberry.com\/eu\/de\/ueber-marshberry\/","og_site_name":"MarshBerry Europe","article_publisher":"https:\/\/www.facebook.com\/MarshBerry","article_modified_time":"2026-03-30T20:08:00+00:00","og_image":[{"width":1200,"height":675,"url":"https:\/\/www.marshberry.com\/eu\/wp-content\/uploads\/sites\/2\/2025\/02\/MB-yoast-site-image-1200px.jpg","type":"image\/jpeg"}],"twitter_card":"summary_large_image","twitter_site":"@MarshBerryInc","twitter_misc":{"Gesch\u00e4tzte Lesezeit":"2 Minuten"},"schema":{"@context":"https:\/\/schema.org","@graph":[{"@type":"WebPage","@id":"https:\/\/www.marshberry.com\/eu\/de\/ueber-marshberry\/","url":"https:\/\/www.marshberry.com\/eu\/de\/ueber-marshberry\/","name":"\u00dcber MarshBerry: Corporate Finance & M&A-Beratung | MarshBerry Europa","isPartOf":{"@id":"https:\/\/www.marshberry.com\/eu\/de\/#website"},"datePublished":"2023-09-17T18:14:29+00:00","dateModified":"2026-03-30T20:08:00+00:00","description":"Lokale Expertise mit globaler Vernetzung f\u00fcr Corporate Finance, M&A und strategische Wertsteigerung.","breadcrumb":{"@id":"https:\/\/www.marshberry.com\/eu\/de\/ueber-marshberry\/#breadcrumb"},"inLanguage":"de-DE","potentialAction":[{"@type":"ReadAction","target":["https:\/\/www.marshberry.com\/eu\/de\/ueber-marshberry\/"]}]},{"@type":"BreadcrumbList","@id":"https:\/\/www.marshberry.com\/eu\/de\/ueber-marshberry\/#breadcrumb","itemListElement":[{"@type":"ListItem","position":1,"name":"Home","item":"https:\/\/www.marshberry.com\/eu\/de\/"},{"@type":"ListItem","position":2,"name":"\u00dcber MarshBerry"}]},{"@type":"WebSite","@id":"https:\/\/www.marshberry.com\/eu\/de\/#website","url":"https:\/\/www.marshberry.com\/eu\/de\/","name":"MarshBerry","description":"Realize your firm\u2019s value with consulting services for the wealth management and insurance agency markets from MarshBerry. Our advisors are experts in brokerage consulting and can help you with M&amp;A advisory services, debt &amp; equity capital raising, and more. MarshBerry advisors will create a customized approach to help you obtain your business goals. Contact MarshBerry today!","publisher":{"@id":"https:\/\/www.marshberry.com\/eu\/de\/#organization"},"alternateName":"MarshBerry Europe","potentialAction":[{"@type":"SearchAction","target":{"@type":"EntryPoint","urlTemplate":"https:\/\/www.marshberry.com\/eu\/de\/?s={search_term_string}"},"query-input":{"@type":"PropertyValueSpecification","valueRequired":true,"valueName":"search_term_string"}}],"inLanguage":"de-DE"},{"@type":"Organization","@id":"https:\/\/www.marshberry.com\/eu\/de\/#organization","name":"MarshBerry","url":"https:\/\/www.marshberry.com\/eu\/de\/","logo":{"@type":"ImageObject","inLanguage":"de-DE","@id":"https:\/\/www.marshberry.com\/eu\/de\/#\/schema\/logo\/image\/","url":"https:\/\/www.marshberry.com\/eu\/wp-content\/uploads\/sites\/2\/2023\/10\/marshberry-footer-logo.png","contentUrl":"https:\/\/www.marshberry.com\/eu\/wp-content\/uploads\/sites\/2\/2023\/10\/marshberry-footer-logo.png","width":400,"height":97,"caption":"MarshBerry"},"image":{"@id":"https:\/\/www.marshberry.com\/eu\/de\/#\/schema\/logo\/image\/"},"sameAs":["https:\/\/www.facebook.com\/MarshBerry","https:\/\/x.com\/MarshBerryInc","https:\/\/www.linkedin.com\/company\/marshberry-europe\/","https:\/\/www.instagram.com\/marshberry_inc\/"],"description":"Realize your firm\u2019s value with insurance agency consulting services from MarshBerry Europe. We are experts in brokerage consulting and can help you with M&A advisory services, debt & equity capital raising, and more. Our insurance agency consultants will create a customized approach to help you obtain your business goals. Contact MarshBerry Europe today!","email":"marshberry@marshberry.com","telephone":"+31-20-218-7800","legalName":"IMAS Corporate Finance LLP"}]}},"acf":[],"_links":{"self":[{"href":"https:\/\/www.marshberry.com\/eu\/de\/wp-json\/wp\/v2\/pages\/4337","targetHints":{"allow":["GET"]}}],"collection":[{"href":"https:\/\/www.marshberry.com\/eu\/de\/wp-json\/wp\/v2\/pages"}],"about":[{"href":"https:\/\/www.marshberry.com\/eu\/de\/wp-json\/wp\/v2\/types\/page"}],"author":[{"embeddable":true,"href":"https:\/\/www.marshberry.com\/eu\/de\/wp-json\/wp\/v2\/users\/2"}],"replies":[{"embeddable":true,"href":"https:\/\/www.marshberry.com\/eu\/de\/wp-json\/wp\/v2\/comments?post=4337"}],"version-history":[{"count":1,"href":"https:\/\/www.marshberry.com\/eu\/de\/wp-json\/wp\/v2\/pages\/4337\/revisions"}],"predecessor-version":[{"id":12044,"href":"https:\/\/www.marshberry.com\/eu\/de\/wp-json\/wp\/v2\/pages\/4337\/revisions\/12044"}],"wp:attachment":[{"href":"https:\/\/www.marshberry.com\/eu\/de\/wp-json\/wp\/v2\/media?parent=4337"}],"curies":[{"name":"wp","href":"https:\/\/api.w.org\/{rel}","templated":true}]}}