{"id":4349,"date":"2023-10-05T13:31:07","date_gmt":"2023-10-05T13:31:07","guid":{"rendered":"https:\/\/www.marshberry.com\/eu\/einblicke\/todays-viewpoint\/anmeldung-zum-blog\/"},"modified":"2026-04-02T00:32:33","modified_gmt":"2026-04-02T00:32:33","slug":"anmeldung-zum-blog","status":"publish","type":"page","link":"https:\/\/www.marshberry.com\/eu\/de\/einblicke\/blog\/anmeldung-zum-blog\/","title":{"rendered":"Anmeldung zum MarshBerry Blog"},"content":{"rendered":"\n<h2 class=\"wp-block-heading\" id=\"h-abonnieren-sie-today-s-viewpoint\">Abonnieren Sie Today\u2019s ViewPoint<\/h2>\n\n\n\n<p>MarshBerry m\u00f6chte all jenen, die in den Bereichen Versicherungsvertrieb und Verm\u00f6gensverwaltung t\u00e4tig sind, Kennzahlen n\u00e4herbringen, die ihnen helfen, ihr Gesch\u00e4ft voranzutreiben, Ergebnisse zu verbessern und Erfolge zu realisieren.<\/p>\n\n\n\n<script charset=\"utf-8\" type=\"text\/javascript\" src=\"\/\/js.hsforms.net\/forms\/embed\/v2.js\"><\/script>\n<script>\n  hbspt.forms.create({\n    portalId: \"242518\",\n    formId: \"9e08ea59-9305-4aa0-9f2b-2fbe579f1163\",\n    region: \"na1\",\n    sfdcCampaignId: \"7015e000001AFyOAAW\"\n  });\n<\/script>\n","protected":false},"excerpt":{"rendered":"<p>Abonnieren Sie Today\u2019s ViewPoint MarshBerry m\u00f6chte all jenen, die in den Bereichen Versicherungsvertrieb und Verm\u00f6gensverwaltung t\u00e4tig sind, Kennzahlen n\u00e4herbringen, die ihnen helfen, ihr Gesch\u00e4ft voranzutreiben, Ergebnisse zu verbessern und Erfolge zu realisieren.<\/p>\n","protected":false},"author":1,"featured_media":0,"parent":4334,"menu_order":0,"comment_status":"closed","ping_status":"closed","template":"","meta":{"_acf_changed":false,"footnotes":""},"class_list":["post-4349","page","type-page","status-publish","hentry"],"yoast_head":"<!-- This site is optimized with the Yoast SEO Premium plugin v27.4 (Yoast SEO v27.4) - https:\/\/yoast.com\/product\/yoast-seo-premium-wordpress\/ -->\n<title>Anmeldung zum MarshBerry Blog - MarshBerry Europe<\/title>\n<meta name=\"robots\" content=\"noindex, nofollow\" \/>\n<meta property=\"og:locale\" content=\"de_DE\" \/>\n<meta property=\"og:type\" content=\"article\" \/>\n<meta property=\"og:title\" content=\"Anmeldung zum MarshBerry Blog\" \/>\n<meta property=\"og:description\" content=\"Abonnieren Sie Today\u2019s ViewPoint MarshBerry m\u00f6chte all jenen, die in den Bereichen Versicherungsvertrieb und Verm\u00f6gensverwaltung t\u00e4tig sind, Kennzahlen n\u00e4herbringen, die ihnen helfen, ihr Gesch\u00e4ft voranzutreiben, Ergebnisse zu verbessern und Erfolge zu realisieren.\" \/>\n<meta property=\"og:url\" content=\"https:\/\/www.marshberry.com\/eu\/de\/einblicke\/blog\/anmeldung-zum-blog\/\" \/>\n<meta property=\"og:site_name\" content=\"MarshBerry Europe\" \/>\n<meta property=\"article:publisher\" content=\"https:\/\/www.facebook.com\/MarshBerry\" \/>\n<meta property=\"article:modified_time\" content=\"2026-04-02T00:32:33+00:00\" \/>\n<meta property=\"og:image\" content=\"https:\/\/www.marshberry.com\/eu\/wp-content\/uploads\/sites\/2\/2025\/02\/MB-yoast-site-image-1200px.jpg\" \/>\n\t<meta property=\"og:image:width\" content=\"1200\" \/>\n\t<meta property=\"og:image:height\" content=\"675\" \/>\n\t<meta property=\"og:image:type\" content=\"image\/jpeg\" \/>\n<meta name=\"twitter:card\" content=\"summary_large_image\" \/>\n<meta name=\"twitter:site\" content=\"@MarshBerryInc\" \/>\n<meta name=\"twitter:label1\" content=\"Gesch\u00e4tzte Lesezeit\" \/>\n\t<meta name=\"twitter:data1\" content=\"1 Minute\" \/>\n<script type=\"application\/ld+json\" class=\"yoast-schema-graph\">{\n\t    \"@context\": \"https:\\\/\\\/schema.org\",\n\t    \"@graph\": [\n\t        {\n\t            \"@type\": \"WebPage\",\n\t            \"@id\": \"https:\\\/\\\/www.marshberry.com\\\/eu\\\/de\\\/einblicke\\\/blog\\\/anmeldung-zum-blog\\\/\",\n\t            \"url\": \"https:\\\/\\\/www.marshberry.com\\\/eu\\\/de\\\/einblicke\\\/blog\\\/anmeldung-zum-blog\\\/\",\n\t            \"name\": \"Anmeldung zum MarshBerry Blog - MarshBerry Europe\",\n\t            \"isPartOf\": {\n\t                \"@id\": \"https:\\\/\\\/www.marshberry.com\\\/eu\\\/de\\\/#website\"\n\t            },\n\t            \"datePublished\": \"2023-10-05T13:31:07+00:00\",\n\t            \"dateModified\": \"2026-04-02T00:32:33+00:00\",\n\t            \"breadcrumb\": {\n\t                \"@id\": \"https:\\\/\\\/www.marshberry.com\\\/eu\\\/de\\\/einblicke\\\/blog\\\/anmeldung-zum-blog\\\/#breadcrumb\"\n\t            },\n\t            \"inLanguage\": \"de-DE\",\n\t            \"potentialAction\": [\n\t                {\n\t                    \"@type\": \"ReadAction\",\n\t                    \"target\": [\n\t                        \"https:\\\/\\\/www.marshberry.com\\\/eu\\\/de\\\/einblicke\\\/blog\\\/anmeldung-zum-blog\\\/\"\n\t                    ]\n\t                }\n\t            ]\n\t        },\n\t        {\n\t            \"@type\": \"BreadcrumbList\",\n\t            \"@id\": \"https:\\\/\\\/www.marshberry.com\\\/eu\\\/de\\\/einblicke\\\/blog\\\/anmeldung-zum-blog\\\/#breadcrumb\",\n\t            \"itemListElement\": [\n\t                {\n\t                    \"@type\": \"ListItem\",\n\t                    \"position\": 1,\n\t                    \"name\": \"Home\",\n\t                    \"item\": \"https:\\\/\\\/www.marshberry.com\\\/eu\\\/de\\\/\"\n\t                },\n\t                {\n\t                    \"@type\": \"ListItem\",\n\t                    \"position\": 2,\n\t                    \"name\": \"Erkenntnisse\",\n\t                    \"item\": \"https:\\\/\\\/www.marshberry.com\\\/eu\\\/de\\\/einblicke\\\/\"\n\t                },\n\t                {\n\t                    \"@type\": \"ListItem\",\n\t                    \"position\": 3,\n\t                    \"name\": \"Blog\",\n\t                    \"item\": \"https:\\\/\\\/www.marshberry.com\\\/eu\\\/de\\\/einblicke\\\/blog\\\/\"\n\t                },\n\t                {\n\t                    \"@type\": \"ListItem\",\n\t                    \"position\": 4,\n\t                    \"name\": \"Anmeldung zum MarshBerry Blog\"\n\t                }\n\t            ]\n\t        },\n\t        {\n\t            \"@type\": \"WebSite\",\n\t            \"@id\": \"https:\\\/\\\/www.marshberry.com\\\/eu\\\/de\\\/#website\",\n\t            \"url\": \"https:\\\/\\\/www.marshberry.com\\\/eu\\\/de\\\/\",\n\t            \"name\": \"MarshBerry\",\n\t            \"description\": \"Realize your firm\u2019s value with consulting services for the wealth management and insurance agency markets from MarshBerry. Our advisors are experts in brokerage consulting and can help you with M&amp;A advisory services, debt &amp; equity capital raising, and more. MarshBerry advisors will create a customized approach to help you obtain your business goals. Contact MarshBerry today!\",\n\t            \"publisher\": {\n\t                \"@id\": \"https:\\\/\\\/www.marshberry.com\\\/eu\\\/de\\\/#organization\"\n\t            },\n\t            \"alternateName\": \"MarshBerry Europe\",\n\t            \"potentialAction\": [\n\t                {\n\t                    \"@type\": \"SearchAction\",\n\t                    \"target\": {\n\t                        \"@type\": \"EntryPoint\",\n\t                        \"urlTemplate\": \"https:\\\/\\\/www.marshberry.com\\\/eu\\\/de\\\/?s={search_term_string}\"\n\t                    },\n\t                    \"query-input\": {\n\t                        \"@type\": \"PropertyValueSpecification\",\n\t                        \"valueRequired\": true,\n\t                        \"valueName\": \"search_term_string\"\n\t                    }\n\t                }\n\t            ],\n\t            \"inLanguage\": \"de-DE\"\n\t        },\n\t        {\n\t            \"@type\": \"Organization\",\n\t            \"@id\": \"https:\\\/\\\/www.marshberry.com\\\/eu\\\/de\\\/#organization\",\n\t            \"name\": \"MarshBerry\",\n\t            \"url\": \"https:\\\/\\\/www.marshberry.com\\\/eu\\\/de\\\/\",\n\t            \"logo\": {\n\t                \"@type\": \"ImageObject\",\n\t                \"inLanguage\": \"de-DE\",\n\t                \"@id\": \"https:\\\/\\\/www.marshberry.com\\\/eu\\\/de\\\/#\\\/schema\\\/logo\\\/image\\\/\",\n\t                \"url\": \"https:\\\/\\\/www.marshberry.com\\\/eu\\\/wp-content\\\/uploads\\\/sites\\\/2\\\/2023\\\/10\\\/marshberry-footer-logo.png\",\n\t                \"contentUrl\": \"https:\\\/\\\/www.marshberry.com\\\/eu\\\/wp-content\\\/uploads\\\/sites\\\/2\\\/2023\\\/10\\\/marshberry-footer-logo.png\",\n\t                \"width\": 400,\n\t                \"height\": 97,\n\t                \"caption\": \"MarshBerry\"\n\t            },\n\t            \"image\": {\n\t                \"@id\": \"https:\\\/\\\/www.marshberry.com\\\/eu\\\/de\\\/#\\\/schema\\\/logo\\\/image\\\/\"\n\t            },\n\t            \"sameAs\": [\n\t                \"https:\\\/\\\/www.facebook.com\\\/MarshBerry\",\n\t                \"https:\\\/\\\/x.com\\\/MarshBerryInc\",\n\t                \"https:\\\/\\\/www.linkedin.com\\\/company\\\/marshberry-europe\\\/\",\n\t                \"https:\\\/\\\/www.instagram.com\\\/marshberry_inc\\\/\"\n\t            ],\n\t            \"description\": \"Realize your firm\u2019s value with insurance agency consulting services from MarshBerry Europe. We are experts in brokerage consulting and can help you with M&A advisory services, debt & equity capital raising, and more. Our insurance agency consultants will create a customized approach to help you obtain your business goals. Contact MarshBerry Europe today!\",\n\t            \"email\": \"marshberry@marshberry.com\",\n\t            \"telephone\": \"+31-20-218-7800\",\n\t            \"legalName\": \"IMAS Corporate Finance LLP\"\n\t        }\n\t    ]\n\t}<\/script>\n<!-- \/ Yoast SEO Premium plugin. -->","yoast_head_json":{"title":"Anmeldung zum MarshBerry Blog - MarshBerry Europe","robots":{"index":"noindex","follow":"nofollow"},"og_locale":"de_DE","og_type":"article","og_title":"Anmeldung zum MarshBerry Blog","og_description":"Abonnieren Sie Today\u2019s ViewPoint MarshBerry m\u00f6chte all jenen, die in den Bereichen Versicherungsvertrieb und Verm\u00f6gensverwaltung t\u00e4tig sind, Kennzahlen n\u00e4herbringen, die ihnen helfen, ihr Gesch\u00e4ft voranzutreiben, Ergebnisse zu verbessern und Erfolge zu realisieren.","og_url":"https:\/\/www.marshberry.com\/eu\/de\/einblicke\/blog\/anmeldung-zum-blog\/","og_site_name":"MarshBerry Europe","article_publisher":"https:\/\/www.facebook.com\/MarshBerry","article_modified_time":"2026-04-02T00:32:33+00:00","og_image":[{"width":1200,"height":675,"url":"https:\/\/www.marshberry.com\/eu\/wp-content\/uploads\/sites\/2\/2025\/02\/MB-yoast-site-image-1200px.jpg","type":"image\/jpeg"}],"twitter_card":"summary_large_image","twitter_site":"@MarshBerryInc","twitter_misc":{"Gesch\u00e4tzte Lesezeit":"1 Minute"},"schema":{"@context":"https:\/\/schema.org","@graph":[{"@type":"WebPage","@id":"https:\/\/www.marshberry.com\/eu\/de\/einblicke\/blog\/anmeldung-zum-blog\/","url":"https:\/\/www.marshberry.com\/eu\/de\/einblicke\/blog\/anmeldung-zum-blog\/","name":"Anmeldung zum MarshBerry Blog - MarshBerry Europe","isPartOf":{"@id":"https:\/\/www.marshberry.com\/eu\/de\/#website"},"datePublished":"2023-10-05T13:31:07+00:00","dateModified":"2026-04-02T00:32:33+00:00","breadcrumb":{"@id":"https:\/\/www.marshberry.com\/eu\/de\/einblicke\/blog\/anmeldung-zum-blog\/#breadcrumb"},"inLanguage":"de-DE","potentialAction":[{"@type":"ReadAction","target":["https:\/\/www.marshberry.com\/eu\/de\/einblicke\/blog\/anmeldung-zum-blog\/"]}]},{"@type":"BreadcrumbList","@id":"https:\/\/www.marshberry.com\/eu\/de\/einblicke\/blog\/anmeldung-zum-blog\/#breadcrumb","itemListElement":[{"@type":"ListItem","position":1,"name":"Home","item":"https:\/\/www.marshberry.com\/eu\/de\/"},{"@type":"ListItem","position":2,"name":"Erkenntnisse","item":"https:\/\/www.marshberry.com\/eu\/de\/einblicke\/"},{"@type":"ListItem","position":3,"name":"Blog","item":"https:\/\/www.marshberry.com\/eu\/de\/einblicke\/blog\/"},{"@type":"ListItem","position":4,"name":"Anmeldung zum MarshBerry Blog"}]},{"@type":"WebSite","@id":"https:\/\/www.marshberry.com\/eu\/de\/#website","url":"https:\/\/www.marshberry.com\/eu\/de\/","name":"MarshBerry","description":"Realize your firm\u2019s value with consulting services for the wealth management and insurance agency markets from MarshBerry. Our advisors are experts in brokerage consulting and can help you with M&amp;A advisory services, debt &amp; equity capital raising, and more. MarshBerry advisors will create a customized approach to help you obtain your business goals. Contact MarshBerry today!","publisher":{"@id":"https:\/\/www.marshberry.com\/eu\/de\/#organization"},"alternateName":"MarshBerry Europe","potentialAction":[{"@type":"SearchAction","target":{"@type":"EntryPoint","urlTemplate":"https:\/\/www.marshberry.com\/eu\/de\/?s={search_term_string}"},"query-input":{"@type":"PropertyValueSpecification","valueRequired":true,"valueName":"search_term_string"}}],"inLanguage":"de-DE"},{"@type":"Organization","@id":"https:\/\/www.marshberry.com\/eu\/de\/#organization","name":"MarshBerry","url":"https:\/\/www.marshberry.com\/eu\/de\/","logo":{"@type":"ImageObject","inLanguage":"de-DE","@id":"https:\/\/www.marshberry.com\/eu\/de\/#\/schema\/logo\/image\/","url":"https:\/\/www.marshberry.com\/eu\/wp-content\/uploads\/sites\/2\/2023\/10\/marshberry-footer-logo.png","contentUrl":"https:\/\/www.marshberry.com\/eu\/wp-content\/uploads\/sites\/2\/2023\/10\/marshberry-footer-logo.png","width":400,"height":97,"caption":"MarshBerry"},"image":{"@id":"https:\/\/www.marshberry.com\/eu\/de\/#\/schema\/logo\/image\/"},"sameAs":["https:\/\/www.facebook.com\/MarshBerry","https:\/\/x.com\/MarshBerryInc","https:\/\/www.linkedin.com\/company\/marshberry-europe\/","https:\/\/www.instagram.com\/marshberry_inc\/"],"description":"Realize your firm\u2019s value with insurance agency consulting services from MarshBerry Europe. We are experts in brokerage consulting and can help you with M&A advisory services, debt & equity capital raising, and more. Our insurance agency consultants will create a customized approach to help you obtain your business goals. Contact MarshBerry Europe today!","email":"marshberry@marshberry.com","telephone":"+31-20-218-7800","legalName":"IMAS Corporate Finance LLP"}]}},"acf":[],"_links":{"self":[{"href":"https:\/\/www.marshberry.com\/eu\/de\/wp-json\/wp\/v2\/pages\/4349","targetHints":{"allow":["GET"]}}],"collection":[{"href":"https:\/\/www.marshberry.com\/eu\/de\/wp-json\/wp\/v2\/pages"}],"about":[{"href":"https:\/\/www.marshberry.com\/eu\/de\/wp-json\/wp\/v2\/types\/page"}],"author":[{"embeddable":true,"href":"https:\/\/www.marshberry.com\/eu\/de\/wp-json\/wp\/v2\/users\/1"}],"replies":[{"embeddable":true,"href":"https:\/\/www.marshberry.com\/eu\/de\/wp-json\/wp\/v2\/comments?post=4349"}],"version-history":[{"count":1,"href":"https:\/\/www.marshberry.com\/eu\/de\/wp-json\/wp\/v2\/pages\/4349\/revisions"}],"predecessor-version":[{"id":12062,"href":"https:\/\/www.marshberry.com\/eu\/de\/wp-json\/wp\/v2\/pages\/4349\/revisions\/12062"}],"up":[{"embeddable":true,"href":"https:\/\/www.marshberry.com\/eu\/de\/wp-json\/wp\/v2\/pages\/4334"}],"wp:attachment":[{"href":"https:\/\/www.marshberry.com\/eu\/de\/wp-json\/wp\/v2\/media?parent=4349"}],"curies":[{"name":"wp","href":"https:\/\/api.w.org\/{rel}","templated":true}]}}